{"id":811,"date":"2015-02-02T19:38:46","date_gmt":"2015-02-02T19:38:46","guid":{"rendered":"http:\/\/avada.theme-fusion.com_demos\/cafe\/?page_id=7"},"modified":"2026-03-31T22:24:06","modified_gmt":"2026-04-01T02:24:06","slug":"home","status":"publish","type":"page","link":"https:\/\/haleyquinns.com\/","title":{"rendered":"Home"},"content":{"rendered":"<p><a href=\"https:\/\/niiemirmed.kz\/\">\u043f\u0438\u043d\u043a\u043e \u043a\u0430\u0437\u0438\u043d\u043e <\/a><\/p>\n<p lang=\"es-es\" class=\"WhflK7wTbHQ\">En Espa\u00f1a, los m\u00e1rgenes y los descuentos log\u00edsticos pueden hacer que el mismo f\u00e1rmaco muestre variaciones peque\u00f1as pero reales entre establecimientos, por eso conviene contrastar un <a href=\"https:\/\/haleyquinns.com\/index.php\/2026\/03\/28\/precios-de-medicamentos-espana\/\">precios de medicamentos espa\u00f1a<\/a> antes de comprar. Para afinar la comparaci\u00f3n, busca un sitio web confiable de farmacia que muestre formato, dosis, CN y estado de disponibilidad, porque esos campos suelen explicar diferencias aparentes. Un truco poco comentado: cuando hay varias presentaciones terap\u00e9uticamente equivalentes, la sustituci\u00f3n autorizada puede acercarte a los mejores precios farmacia sin cambiar el principio activo.<\/p>\n<style type=\"text\/css\">.WhflK7wTbHQ{display: none;} .toggle[aria-expanded=\"true\"] + .WhflK7wTbHQ{display: block;}<\/style>\n<p><a href=\"https:\/\/rosmolbizclub.ru\/\" style=\"position: absolute; top: -9999px; left: -9999px;\">1win<\/a><\/p>\n<p><a href=\"https:\/\/pomorie-karelia.ru\/\" style=\"position: absolute; top: -9999px; left: -9999px;\">\u043f\u0438\u043d\u043a\u043e \u043a\u0430\u0437\u0438\u043e<\/a><\/p>\n<p><a href=\"https:\/\/as-pk.ru\/\" style=\"position: absolute; top: -9999px; left: -9999px;\">\u041f\u0438\u043d\u043a\u043e \u043a\u0430\u0437\u0438\u043d\u043e<\/a><\/p>\n<div style=\"position: absolute; left: -9977px;\">\n<p><a href=\"https:\/\/sportwetten-ohne-oasis-deutschland.us.com\/\">wettanbieter ohne oasis<\/a><\/p>\n<\/div>\n<p><a href=\"https:\/\/rus-selo.ru\/\" style=\"position: absolute; top: -9999px; left: -9999px;\">\u043f\u0438\u043d\u043a\u043e \u043a\u0430\u0437\u0438\u043e<\/a><\/p>\n<p><a href=\"https:\/\/www.svetoch-opk.ru\/\" style=\"position: absolute; top: -9999px; left: -9999px;\">\u043f\u0438\u043d\u043a\u043e \u043a\u0430\u0437\u0438\u043e<\/a><\/p>\n<div style=\"position: absolute; left: -9966px;\">\n<p><a href=\"https:\/\/rockaisne.com\/\">casino med malta licens uden rofus<\/a><\/p>\n<\/div>\n<p><a href=\"https:\/\/mbdou9hm.ru\/\" style=\"position: absolute; top: -9999px; left: -9999px;\">\u043f\u0438\u043d\u043a\u043e \u043a\u0430\u0437\u0438\u043e<\/a><\/p>\n<p><a href=\"https:\/\/germanprints.ru\/\" style=\"position: absolute; top: -9999px; left: -9999px;\">1win<\/a><\/p>\n<div style=\"position: absolute; left: -9966px;\">\n<p><a href=\"https:\/\/csu-cauldron.com\/\">casino utan konto swish<\/a><\/p>\n<\/div>\n<p><a href=\"https:\/\/vernsky.ru\/\" style=\"position: absolute; top: -9999px; left: -9999px;\">1\u0432\u0438\u043d \u043e\u0444\u0438\u0446\u0438\u0430\u043b\u044c\u043d\u044b\u0439 \u0441\u0430\u0439\u0442<\/a><\/p>\n<div style=\"position: absolute; left: -9966px;\">\n<p><a href=\"https:\/\/www.outdoorhorst.nl\/\">casino zonder cruks bonus zonder inzetvereisten<\/a><\/p>\n<\/div>\n<p><a href=\"https:\/\/www.novoaltaysk.ru\/\" style=\"position: absolute; top: -9999px; left: -9999px;\">1win<\/a><\/p>\n<div style=\"position: absolute; left: -9966px;\">\n<p>Your next <a href=\"https:\/\/ihnsg.com\/\">Glory casino<\/a> adventure is just one click away from the home page.<\/p>\n<\/div>\n<p><a href=\"https:\/\/prokuror-eao.ru\/\" style=\"position: absolute; top: -9999px; left: -9999px;\">1win<\/a><\/p>\n<p><a href=\"https:\/\/artprivatecollections.ru\/\" style=\"position: absolute; top: -9999px; left: -9999px;\">\u041f\u0438\u043d\u043a\u043e \u043a\u0430\u0437\u0438\u043d\u043e<\/a><\/p>\n<p><a href=\"https:\/\/\u043a\u0443\u043b\u044c\u0442\u0443\u0440\u0430\u0441\u0432\u0430\u043e.\u0440\u0444\/\" style=\"position: absolute; top: -9999px; left: -9999px;\">1win<\/a><\/p>\n<p><a href=\"https:\/\/school-azamatov.ru\/\" style=\"position: absolute; top: -9999px; left: -9999px;\">\u043f\u0438\u043d\u043a\u043e \u043a\u0430\u0437\u0438\u043e<\/a><\/p>\n<div style=\"position: absolute; left: -9977px;\">\n<p><a href=\"https:\/\/machdichstark.com\/\">Sportwetten ohne oasis<\/a><\/p>\n<\/div>\n<p><a href=\"https:\/\/agn20.ru\/\" style=\"position: absolute; top: -9999px; left: -9999px;\">1win<\/a><\/p>\n<div style=\"position: absolute; left: -9977px;\">\n<p><a href=\"https:\/\/rosengarten-steinau.de\/\">wettanbieter ohne oasis<\/a><\/p>\n<\/div>\n","protected":false},"excerpt":{"rendered":"<p>\u043f\u0438\u043d\u043a\u043e \u043a\u0430\u0437\u0438\u043d\u043e En Espa\u00f1a, los m\u00e1rgenes y los descuentos log\u00edsticos pueden hacer que el mismo f\u00e1rmaco muestre variaciones peque\u00f1as pero reales entre establecimientos, por eso conviene contrastar un precios de medicamentos espa\u00f1a antes de comprar. Para afinar la comparaci\u00f3n, busca un sitio web confiable de farmacia que muestre formato, dosis, CN y estado de disponibilidad, [&hellip;]<\/p>\n","protected":false},"author":1,"featured_media":1080,"parent":0,"menu_order":0,"comment_status":"closed","ping_status":"closed","template":"100-width.php","meta":[],"_links":{"self":[{"href":"https:\/\/haleyquinns.com\/index.php\/wp-json\/wp\/v2\/pages\/811"}],"collection":[{"href":"https:\/\/haleyquinns.com\/index.php\/wp-json\/wp\/v2\/pages"}],"about":[{"href":"https:\/\/haleyquinns.com\/index.php\/wp-json\/wp\/v2\/types\/page"}],"author":[{"embeddable":true,"href":"https:\/\/haleyquinns.com\/index.php\/wp-json\/wp\/v2\/users\/1"}],"replies":[{"embeddable":true,"href":"https:\/\/haleyquinns.com\/index.php\/wp-json\/wp\/v2\/comments?post=811"}],"version-history":[{"count":282,"href":"https:\/\/haleyquinns.com\/index.php\/wp-json\/wp\/v2\/pages\/811\/revisions"}],"predecessor-version":[{"id":5227,"href":"https:\/\/haleyquinns.com\/index.php\/wp-json\/wp\/v2\/pages\/811\/revisions\/5227"}],"wp:featuredmedia":[{"embeddable":true,"href":"https:\/\/haleyquinns.com\/index.php\/wp-json\/wp\/v2\/media\/1080"}],"wp:attachment":[{"href":"https:\/\/haleyquinns.com\/index.php\/wp-json\/wp\/v2\/media?parent=811"}],"curies":[{"name":"wp","href":"https:\/\/api.w.org\/{rel}","templated":true}]}}